{"id":872,"date":"2024-02-08T13:28:17","date_gmt":"2024-02-08T12:28:17","guid":{"rendered":"https:\/\/zubimuxu.com\/ibilbideak\/"},"modified":"2024-12-05T13:08:52","modified_gmt":"2024-12-05T12:08:52","slug":"entornonatural","status":"publish","type":"page","link":"https:\/\/zubimuxu.com\/es\/entornonatural\/","title":{"rendered":"Entorno natural"},"content":{"rendered":"\t\t<div data-elementor-type=\"wp-page\" data-elementor-id=\"872\" class=\"elementor elementor-872 elementor-230\" data-elementor-post-type=\"page\">\n\t\t\t\t<div class=\"elementor-element elementor-element-55ab028 e-flex e-con-boxed e-con e-parent\" data-id=\"55ab028\" data-element_type=\"container\">\n\t\t\t\t\t<div class=\"e-con-inner\">\n\t\t<div class=\"elementor-element elementor-element-8f81df3 e-flex e-con-boxed e-con e-child\" data-id=\"8f81df3\" data-element_type=\"container\">\n\t\t\t\t\t<div class=\"e-con-inner\">\n\t\t\t\t<div class=\"elementor-element elementor-element-57762a7 elementor-widget elementor-widget-heading\" data-id=\"57762a7\" data-element_type=\"widget\" data-widget_type=\"heading.default\">\n\t\t\t\t<div class=\"elementor-widget-container\">\n\t\t\t\t\t<h1 class=\"elementor-heading-title elementor-size-default\">Cuidar tu entorno<\/h1>\t\t\t\t<\/div>\n\t\t\t\t<\/div>\n\t\t\t\t<div class=\"elementor-element elementor-element-7d585c6 elementor-widget elementor-widget-text-editor\" data-id=\"7d585c6\" data-element_type=\"widget\" data-widget_type=\"text-editor.default\">\n\t\t\t\t<div class=\"elementor-widget-container\">\n\t\t\t\t\t\t\t\t\t<p>En le monte de Goizueta encuentras mucha diversidad. Esto quiere decir que es un espacio para todos y todas: hormigas, aves, reptiles, paseantes y pastores, animales salvajes y ganado y todo lo que no vemos con nuestros ojos&#8230;.<\/p><div class=\"row\"><div class=\"col-md-12 col-xs-12\">\u00a1Vete preparado! Para que todos podamos disfrutar. <span id=\"translation_box\" class=\"form-control-text textarea\" role=\"textbox\">Encuentra las diferencias en los dibujos de abajo:<\/span><\/div><\/div>\t\t\t\t\t\t\t\t<\/div>\n\t\t\t\t<\/div>\n\t\t\t\t<div class=\"elementor-element elementor-element-4c2daec elementor-widget elementor-widget-image\" data-id=\"4c2daec\" data-element_type=\"widget\" data-widget_type=\"image.default\">\n\t\t\t\t<div class=\"elementor-widget-container\">\n\t\t\t\t\t\t\t\t\t\t\t\t\t\t\t\t<a href=\"https:\/\/zubimuxu.com\/wp-content\/uploads\/2024\/05\/marrazkia_AndoniOdriozolaMarrazkiakDonostia-scaled-1.jpg\" data-elementor-open-lightbox=\"yes\" data-elementor-lightbox-title=\"Aurkitu akatsak - Encuentra los errores\" data-e-action-hash=\"#elementor-action%3Aaction%3Dlightbox%26settings%3DeyJpZCI6MTIwMiwidXJsIjoiaHR0cHM6XC9cL3p1YmltdXh1LmNvbVwvd3AtY29udGVudFwvdXBsb2Fkc1wvMjAyNFwvMDVcL21hcnJhemtpYV9BbmRvbmlPZHJpb3pvbGFNYXJyYXpraWFrRG9ub3N0aWEtc2NhbGVkLTEuanBnIn0%3D\">\n\t\t\t\t\t\t\t<img fetchpriority=\"high\" decoding=\"async\" width=\"1200\" height=\"663\" src=\"https:\/\/zubimuxu.com\/wp-content\/uploads\/2024\/05\/marrazkia_AndoniOdriozolaMarrazkiakDonostia-scaled-1-1200x663.jpg\" class=\"attachment-large size-large wp-image-1202\" alt=\"\" srcset=\"https:\/\/zubimuxu.com\/wp-content\/uploads\/2024\/05\/marrazkia_AndoniOdriozolaMarrazkiakDonostia-scaled-1-1200x663.jpg 1200w, https:\/\/zubimuxu.com\/wp-content\/uploads\/2024\/05\/marrazkia_AndoniOdriozolaMarrazkiakDonostia-scaled-1-800x442.jpg 800w, https:\/\/zubimuxu.com\/wp-content\/uploads\/2024\/05\/marrazkia_AndoniOdriozolaMarrazkiakDonostia-scaled-1-768x425.jpg 768w, https:\/\/zubimuxu.com\/wp-content\/uploads\/2024\/05\/marrazkia_AndoniOdriozolaMarrazkiakDonostia-scaled-1-1536x849.jpg 1536w, https:\/\/zubimuxu.com\/wp-content\/uploads\/2024\/05\/marrazkia_AndoniOdriozolaMarrazkiakDonostia-scaled-1-2048x1132.jpg 2048w\" sizes=\"(max-width: 1200px) 100vw, 1200px\" \/>\t\t\t\t\t\t\t\t<\/a>\n\t\t\t\t\t\t\t\t\t\t\t\t\t\t\t<\/div>\n\t\t\t\t<\/div>\n\t\t\t\t<div class=\"elementor-element elementor-element-f75bc15 elementor-widget elementor-widget-button\" data-id=\"f75bc15\" data-element_type=\"widget\" data-widget_type=\"button.default\">\n\t\t\t\t<div class=\"elementor-widget-container\">\n\t\t\t\t\t\t\t\t\t<div class=\"elementor-button-wrapper\">\n\t\t\t\t\t<a class=\"elementor-button elementor-button-link elementor-size-sm\" href=\"https:\/\/zubimuxu.com\/wp-content\/uploads\/2024\/05\/CONVIVENCIA-EN-EL-MONTE-scaled.jpg\" target=\"_blank\">\n\t\t\t\t\t\t<span class=\"elementor-button-content-wrapper\">\n\t\t\t\t\t\t\t\t\t<span class=\"elementor-button-text\">Soluci\u00f3n y mas concejos<\/span>\n\t\t\t\t\t<\/span>\n\t\t\t\t\t<\/a>\n\t\t\t\t<\/div>\n\t\t\t\t\t\t\t\t<\/div>\n\t\t\t\t<\/div>\n\t\t\t\t\t<\/div>\n\t\t\t\t<\/div>\n\t\t\t\t\t<\/div>\n\t\t\t\t<\/div>\n\t\t<div class=\"elementor-element elementor-element-f3e87a8 e-flex e-con-boxed e-con e-parent\" data-id=\"f3e87a8\" data-element_type=\"container\" data-settings=\"{&quot;background_background&quot;:&quot;classic&quot;}\">\n\t\t\t\t\t<div class=\"e-con-inner\">\n\t\t<div class=\"elementor-element elementor-element-f78b88b e-con-full e-flex e-con e-child\" data-id=\"f78b88b\" data-element_type=\"container\">\n\t\t\t\t<div class=\"elementor-element elementor-element-c0f7960 elementor-widget elementor-widget-heading\" data-id=\"c0f7960\" data-element_type=\"widget\" data-widget_type=\"heading.default\">\n\t\t\t\t<div class=\"elementor-widget-container\">\n\t\t\t\t\t<h1 class=\"elementor-heading-title elementor-size-default\">Recorridos<\/h1>\t\t\t\t<\/div>\n\t\t\t\t<\/div>\n\t\t\t\t<div class=\"elementor-element elementor-element-6a054fe elementor-widget elementor-widget-text-editor\" data-id=\"6a054fe\" data-element_type=\"widget\" data-widget_type=\"text-editor.default\">\n\t\t\t\t<div class=\"elementor-widget-container\">\n\t\t\t\t\t\t\t\t\t<p>Goizueta y su entorno ofrece amplias posibilidades para organizar diferentes salidas.<\/p><p>Encuentra una salida a medida en la gran variedad que te ofrece Goizueta y sus alrededores. Por bosque, por cimas, en el pueblo o para ir al r\u00edo a ba\u00f1arte.<\/p>\t\t\t\t\t\t\t\t<\/div>\n\t\t\t\t<\/div>\n\t\t\t\t<div class=\"elementor-element elementor-element-d0d1916 elementor-widget elementor-widget-button\" data-id=\"d0d1916\" data-element_type=\"widget\" data-widget_type=\"button.default\">\n\t\t\t\t<div class=\"elementor-widget-container\">\n\t\t\t\t\t\t\t\t\t<div class=\"elementor-button-wrapper\">\n\t\t\t\t\t<a class=\"elementor-button elementor-button-link elementor-size-sm\" href=\"https:\/\/zubimuxu.com\/wp-content\/uploads\/2024\/07\/Triptiko_IbilbideGuztiak_Goizueta_2024_mapa.pdf\" target=\"_blank\">\n\t\t\t\t\t\t<span class=\"elementor-button-content-wrapper\">\n\t\t\t\t\t\t\t\t\t<span class=\"elementor-button-text\">Encuentra un recorrido a medida<\/span>\n\t\t\t\t\t<\/span>\n\t\t\t\t\t<\/a>\n\t\t\t\t<\/div>\n\t\t\t\t\t\t\t\t<\/div>\n\t\t\t\t<\/div>\n\t\t\t\t<div class=\"elementor-element elementor-element-71c3085 elementor-widget elementor-widget-button\" data-id=\"71c3085\" data-element_type=\"widget\" data-widget_type=\"button.default\">\n\t\t\t\t<div class=\"elementor-widget-container\">\n\t\t\t\t\t\t\t\t\t<div class=\"elementor-button-wrapper\">\n\t\t\t\t\t<a class=\"elementor-button elementor-button-link elementor-size-sm\" href=\"https:\/\/zubimuxu.com\/download-ibilbideak\/\" target=\"_blank\">\n\t\t\t\t\t\t<span class=\"elementor-button-content-wrapper\">\n\t\t\t\t\t\t\t\t\t<span class=\"elementor-button-text\">Download GPX <\/span>\n\t\t\t\t\t<\/span>\n\t\t\t\t\t<\/a>\n\t\t\t\t<\/div>\n\t\t\t\t\t\t\t\t<\/div>\n\t\t\t\t<\/div>\n\t\t\t\t<\/div>\n\t\t<div class=\"elementor-element elementor-element-50c0580 e-con-full e-flex e-con e-child\" data-id=\"50c0580\" data-element_type=\"container\">\n\t\t\t\t<div class=\"elementor-element elementor-element-b50524b elementor-widget elementor-widget-image\" data-id=\"b50524b\" data-element_type=\"widget\" data-widget_type=\"image.default\">\n\t\t\t\t<div class=\"elementor-widget-container\">\n\t\t\t\t\t\t\t\t\t\t\t\t\t\t\t\t<a href=\"https:\/\/zubimuxu.com\/wp-content\/uploads\/2024\/07\/Triptiko_IbilbideGuztiak_Goizueta_2024_mapa.pdf\">\n\t\t\t\t\t\t\t<img decoding=\"async\" width=\"1114\" height=\"800\" src=\"https:\/\/zubimuxu.com\/wp-content\/uploads\/2024\/07\/Triptiko_GOIZUETA_IbilbideGuztiak_2024_Mapa-scaled-1-1114x800.jpg\" class=\"attachment-large size-large wp-image-1763\" alt=\"\" srcset=\"https:\/\/zubimuxu.com\/wp-content\/uploads\/2024\/07\/Triptiko_GOIZUETA_IbilbideGuztiak_2024_Mapa-scaled-1-1114x800.jpg 1114w, https:\/\/zubimuxu.com\/wp-content\/uploads\/2024\/07\/Triptiko_GOIZUETA_IbilbideGuztiak_2024_Mapa-scaled-1-800x574.jpg 800w, https:\/\/zubimuxu.com\/wp-content\/uploads\/2024\/07\/Triptiko_GOIZUETA_IbilbideGuztiak_2024_Mapa-scaled-1-768x551.jpg 768w, https:\/\/zubimuxu.com\/wp-content\/uploads\/2024\/07\/Triptiko_GOIZUETA_IbilbideGuztiak_2024_Mapa-scaled-1-1536x1103.jpg 1536w, https:\/\/zubimuxu.com\/wp-content\/uploads\/2024\/07\/Triptiko_GOIZUETA_IbilbideGuztiak_2024_Mapa-scaled-1-2048x1470.jpg 2048w\" sizes=\"(max-width: 1114px) 100vw, 1114px\" \/>\t\t\t\t\t\t\t\t<\/a>\n\t\t\t\t\t\t\t\t\t\t\t\t\t\t\t<\/div>\n\t\t\t\t<\/div>\n\t\t\t\t<\/div>\n\t\t\t\t\t<\/div>\n\t\t\t\t<\/div>\n\t\t<div class=\"elementor-element elementor-element-b846fb4 e-flex e-con-boxed e-con e-parent\" data-id=\"b846fb4\" data-element_type=\"container\" data-settings=\"{&quot;background_background&quot;:&quot;classic&quot;}\">\n\t\t\t\t\t<div class=\"e-con-inner\">\n\t\t<div class=\"elementor-element elementor-element-391516a e-con-full e-flex e-con e-child\" data-id=\"391516a\" data-element_type=\"container\">\n\t\t\t\t<div class=\"elementor-element elementor-element-ad203c6 elementor-widget elementor-widget-heading\" data-id=\"ad203c6\" data-element_type=\"widget\" data-widget_type=\"heading.default\">\n\t\t\t\t<div class=\"elementor-widget-container\">\n\t\t\t\t\t<h3 class=\"elementor-heading-title elementor-size-default\">Salidas organizadas para escuelas y grupos<\/h3>\t\t\t\t<\/div>\n\t\t\t\t<\/div>\n\t\t\t\t<div class=\"elementor-element elementor-element-17d05bd elementor-widget elementor-widget-text-editor\" data-id=\"17d05bd\" data-element_type=\"widget\" data-widget_type=\"text-editor.default\">\n\t\t\t\t<div class=\"elementor-widget-container\">\n\t\t\t\t\t\t\t\t\t<p>Organiza una salida diferente para tus clases, el grupo de profesores o tu cuadrilla.<\/p><p>Te ofrecemos alojamiento tranquilo en un pueblo rural con diferentes actividades en casa o la naturaleza &#8211; desde manualidades y Yoga a talleres de consumo consiente y trabajos para fortalezer el grupo, salidas al monte y caser\u00edo.<\/p>\t\t\t\t\t\t\t\t<\/div>\n\t\t\t\t<\/div>\n\t\t\t\t<div class=\"elementor-element elementor-element-58966e5 elementor-widget elementor-widget-htmega-toggle-addons\" data-id=\"58966e5\" data-element_type=\"widget\" data-widget_type=\"htmega-toggle-addons.default\">\n\t\t\t\t<div class=\"elementor-widget-container\">\n\t\t\t\t\t            <div class=\"htmega-toggle-area\" >\n                \n                <div class=\"htmega-toggle-content-58966e5\" style=\"display: none;\">\n                    <div class=\"htmega_custom_content\"><p>Las comidas os podemos organizar en un restaurante del pueblo o lo prepar\u00e1is vosotros en la cocina del albergue (en caso de salida escolar puede ser otro elemento did\u00e1ctico)<\/p><p>Las actividades estan adaptables a todas las edades hasta un maximo de 30 personas y seg\u00fan la profesora\/profesor los cursos se ofrecen en castellano, euskara, alem\u00e1n, franc\u00e9s o ingl\u00e9s.<\/p><p>Hay elementos que realiza una monitora o un monitor con vosotros y otros elementos que est\u00e1n preparados (ruta, material, informaci\u00f3n pedag\u00f3gica, etc.) para que los realiz\u00e1is vosotros mismos. En algunos elementos har\u00e1 falta una preparaci\u00f3n mutua con el tutor\/la profesora del grupo. P\u00f3nte en <a href=\"https:\/\/zubimuxu.com\/es\/contacto\/\">conctacto<\/a> con nosotros si te apetece saber m\u00e1s o si quieres ayuda para planificar tu salida a Goizueta.<\/p><\/div>                <\/div>\n\n                <div class=\"htmega-toggle-button\">\n                    <a href=\"#\" class=\"togglebutton-58966e5 normal_btn\">Info<svg class=\"e-font-icon-svg e-fas-plus\" viewBox=\"0 0 448 512\" xmlns=\"http:\/\/www.w3.org\/2000\/svg\"><path d=\"M416 208H272V64c0-17.67-14.33-32-32-32h-32c-17.67 0-32 14.33-32 32v144H32c-17.67 0-32 14.33-32 32v32c0 17.67 14.33 32 32 32h144v144c0 17.67 14.33 32 32 32h32c17.67 0 32-14.33 32-32V304h144c17.67 0 32-14.33 32-32v-32c0-17.67-14.33-32-32-32z\"><\/path><\/svg><\/a><a href=\"#\" class=\"togglebutton-58966e5 opened_btn\">Cerrar<svg class=\"e-font-icon-svg e-fas-times\" viewBox=\"0 0 352 512\" xmlns=\"http:\/\/www.w3.org\/2000\/svg\"><path d=\"M242.72 256l100.07-100.07c12.28-12.28 12.28-32.19 0-44.48l-22.24-22.24c-12.28-12.28-32.19-12.28-44.48 0L176 189.28 75.93 89.21c-12.28-12.28-32.19-12.28-44.48 0L9.21 111.45c-12.28 12.28-12.28 32.19 0 44.48L109.28 256 9.21 356.07c-12.28 12.28-12.28 32.19 0 44.48l22.24 22.24c12.28 12.28 32.2 12.28 44.48 0L176 322.72l100.07 100.07c12.28 12.28 32.2 12.28 44.48 0l22.24-22.24c12.28-12.28 12.28-32.19 0-44.48L242.72 256z\"><\/path><\/svg><\/a>                <\/div>\n\n            <\/div>\n\n            <script>\n                jQuery(document).ready(function($) {\n                    'use strict';\n                    $(\".togglebutton-58966e5\").on('click', function(){\n                        $(\".htmega-toggle-content-58966e5\").slideToggle('slow');\n                        $(this).removeAttr(\"href\");\n                        $(this).parent().toggleClass(\"open\");\n                    });\n                });\n            <\/script>\n        \t\t\t\t<\/div>\n\t\t\t\t<\/div>\n\t\t\t\t<\/div>\n\t\t<div class=\"elementor-element elementor-element-670e768 e-con-full e-flex e-con e-child\" data-id=\"670e768\" data-element_type=\"container\">\n\t\t\t\t<div class=\"elementor-element elementor-element-9b815ae elementor-widget elementor-widget-image\" data-id=\"9b815ae\" data-element_type=\"widget\" data-widget_type=\"image.default\">\n\t\t\t\t<div class=\"elementor-widget-container\">\n\t\t\t\t\t\t\t\t\t\t\t\t\t\t\t<img decoding=\"async\" width=\"1200\" height=\"800\" src=\"https:\/\/zubimuxu.com\/wp-content\/uploads\/2024\/02\/irteerak-zubimuxu-1200x800.jpg\" class=\"attachment-large size-large wp-image-491\" alt=\"\" srcset=\"https:\/\/zubimuxu.com\/wp-content\/uploads\/2024\/02\/irteerak-zubimuxu-1200x800.jpg 1200w, https:\/\/zubimuxu.com\/wp-content\/uploads\/2024\/02\/irteerak-zubimuxu-800x533.jpg 800w, https:\/\/zubimuxu.com\/wp-content\/uploads\/2024\/02\/irteerak-zubimuxu-768x512.jpg 768w, https:\/\/zubimuxu.com\/wp-content\/uploads\/2024\/02\/irteerak-zubimuxu.jpg 1500w\" sizes=\"(max-width: 1200px) 100vw, 1200px\" \/>\t\t\t\t\t\t\t\t\t\t\t\t\t\t\t<\/div>\n\t\t\t\t<\/div>\n\t\t\t\t<\/div>\n\t\t\t\t\t<\/div>\n\t\t\t\t<\/div>\n\t\t\t\t<\/div>\n\t\t","protected":false},"excerpt":{"rendered":"<p>Cuidar tu entorno En le monte de Goizueta encuentras mucha diversidad. Esto quiere decir que es un espacio para todos [&hellip;]<\/p>\n","protected":false},"author":1,"featured_media":0,"parent":0,"menu_order":0,"comment_status":"closed","ping_status":"closed","template":"","meta":{"site-sidebar-layout":"no-sidebar","site-content-layout":"","ast-site-content-layout":"full-width-container","site-content-style":"default","site-sidebar-style":"default","ast-global-header-display":"","ast-banner-title-visibility":"","ast-main-header-display":"","ast-hfb-above-header-display":"","ast-hfb-below-header-display":"","ast-hfb-mobile-header-display":"","site-post-title":"disabled","ast-breadcrumbs-content":"","ast-featured-img":"disabled","footer-sml-layout":"","theme-transparent-header-meta":"","adv-header-id-meta":"","stick-header-meta":"","header-above-stick-meta":"","header-main-stick-meta":"","header-below-stick-meta":"","astra-migrate-meta-layouts":"default","ast-page-background-enabled":"default","ast-page-background-meta":{"desktop":{"background-color":"var(--ast-global-color-4)","background-image":"","background-repeat":"repeat","background-position":"center center","background-size":"auto","background-attachment":"scroll","background-type":"","background-media":"","overlay-type":"","overlay-color":"","overlay-opacity":"","overlay-gradient":""},"tablet":{"background-color":"","background-image":"","background-repeat":"repeat","background-position":"center center","background-size":"auto","background-attachment":"scroll","background-type":"","background-media":"","overlay-type":"","overlay-color":"","overlay-opacity":"","overlay-gradient":""},"mobile":{"background-color":"","background-image":"","background-repeat":"repeat","background-position":"center center","background-size":"auto","background-attachment":"scroll","background-type":"","background-media":"","overlay-type":"","overlay-color":"","overlay-opacity":"","overlay-gradient":""}},"ast-content-background-meta":{"desktop":{"background-color":"var(--ast-global-color-5)","background-image":"","background-repeat":"repeat","background-position":"center center","background-size":"auto","background-attachment":"scroll","background-type":"","background-media":"","overlay-type":"","overlay-color":"","overlay-opacity":"","overlay-gradient":""},"tablet":{"background-color":"var(--ast-global-color-5)","background-image":"","background-repeat":"repeat","background-position":"center center","background-size":"auto","background-attachment":"scroll","background-type":"","background-media":"","overlay-type":"","overlay-color":"","overlay-opacity":"","overlay-gradient":""},"mobile":{"background-color":"var(--ast-global-color-5)","background-image":"","background-repeat":"repeat","background-position":"center center","background-size":"auto","background-attachment":"scroll","background-type":"","background-media":"","overlay-type":"","overlay-color":"","overlay-opacity":"","overlay-gradient":""}},"_joinchat":[],"footnotes":""},"class_list":["post-872","page","type-page","status-publish","hentry"],"yoast_head":"<!-- This site is optimized with the Yoast SEO plugin v25.1 - https:\/\/yoast.com\/wordpress\/plugins\/seo\/ -->\n<title>Entorno natural - Albergue Zubimuxu Goizueta<\/title>\n<meta name=\"description\" content=\"El alrededor de Goizueta est\u00e1 lleno de naturaleza salvaje, bosques y riachuelos escondidos. Un tesoro para actividades como ba\u00f1os de bosque.\" \/>\n<meta name=\"robots\" content=\"index, follow, max-snippet:-1, max-image-preview:large, max-video-preview:-1\" \/>\n<link rel=\"canonical\" href=\"https:\/\/zubimuxu.com\/es\/entornonatural\/\" \/>\n<meta property=\"og:locale\" content=\"es_ES\" \/>\n<meta property=\"og:type\" content=\"article\" \/>\n<meta property=\"og:title\" content=\"Entorno natural - Albergue Zubimuxu Goizueta\" \/>\n<meta property=\"og:description\" content=\"El alrededor de Goizueta est\u00e1 lleno de naturaleza salvaje, bosques y riachuelos escondidos. Un tesoro para actividades como ba\u00f1os de bosque.\" \/>\n<meta property=\"og:url\" content=\"https:\/\/zubimuxu.com\/es\/entornonatural\/\" \/>\n<meta property=\"og:site_name\" content=\"Albergue Zubimuxu Goizueta\" \/>\n<meta property=\"article:modified_time\" content=\"2024-12-05T12:08:52+00:00\" \/>\n<meta property=\"og:image\" content=\"https:\/\/zubimuxu.com\/wp-content\/uploads\/2024\/05\/marrazkia_AndoniOdriozolaMarrazkiakDonostia-scaled-1-1200x663.jpg\" \/>\n<meta name=\"twitter:card\" content=\"summary_large_image\" \/>\n<meta name=\"twitter:label1\" content=\"Tiempo de lectura\" \/>\n\t<meta name=\"twitter:data1\" content=\"3 minutos\" \/>\n<script type=\"application\/ld+json\" class=\"yoast-schema-graph\">{\"@context\":\"https:\/\/schema.org\",\"@graph\":[{\"@type\":\"WebPage\",\"@id\":\"https:\/\/zubimuxu.com\/es\/entornonatural\/\",\"url\":\"https:\/\/zubimuxu.com\/es\/entornonatural\/\",\"name\":\"Entorno natural - Albergue Zubimuxu Goizueta\",\"isPartOf\":{\"@id\":\"https:\/\/zubimuxu.com\/es\/#website\"},\"primaryImageOfPage\":{\"@id\":\"https:\/\/zubimuxu.com\/es\/entornonatural\/#primaryimage\"},\"image\":{\"@id\":\"https:\/\/zubimuxu.com\/es\/entornonatural\/#primaryimage\"},\"thumbnailUrl\":\"https:\/\/zubimuxu.com\/wp-content\/uploads\/2024\/05\/marrazkia_AndoniOdriozolaMarrazkiakDonostia-scaled-1-1200x663.jpg\",\"datePublished\":\"2024-02-08T12:28:17+00:00\",\"dateModified\":\"2024-12-05T12:08:52+00:00\",\"description\":\"El alrededor de Goizueta est\u00e1 lleno de naturaleza salvaje, bosques y riachuelos escondidos. Un tesoro para actividades como ba\u00f1os de bosque.\",\"breadcrumb\":{\"@id\":\"https:\/\/zubimuxu.com\/es\/entornonatural\/#breadcrumb\"},\"inLanguage\":\"es\",\"potentialAction\":[{\"@type\":\"ReadAction\",\"target\":[\"https:\/\/zubimuxu.com\/es\/entornonatural\/\"]}]},{\"@type\":\"ImageObject\",\"inLanguage\":\"es\",\"@id\":\"https:\/\/zubimuxu.com\/es\/entornonatural\/#primaryimage\",\"url\":\"https:\/\/zubimuxu.com\/wp-content\/uploads\/2024\/05\/marrazkia_AndoniOdriozolaMarrazkiakDonostia-scaled-1-1200x663.jpg\",\"contentUrl\":\"https:\/\/zubimuxu.com\/wp-content\/uploads\/2024\/05\/marrazkia_AndoniOdriozolaMarrazkiakDonostia-scaled-1-1200x663.jpg\"},{\"@type\":\"BreadcrumbList\",\"@id\":\"https:\/\/zubimuxu.com\/es\/entornonatural\/#breadcrumb\",\"itemListElement\":[{\"@type\":\"ListItem\",\"position\":1,\"name\":\"Home\",\"item\":\"https:\/\/zubimuxu.com\/es\/\"},{\"@type\":\"ListItem\",\"position\":2,\"name\":\"Entorno natural\"}]},{\"@type\":\"WebSite\",\"@id\":\"https:\/\/zubimuxu.com\/es\/#website\",\"url\":\"https:\/\/zubimuxu.com\/es\/\",\"name\":\"Albergue Zubimuxu Goizueta\",\"description\":\"\",\"publisher\":{\"@id\":\"https:\/\/zubimuxu.com\/es\/#organization\"},\"potentialAction\":[{\"@type\":\"SearchAction\",\"target\":{\"@type\":\"EntryPoint\",\"urlTemplate\":\"https:\/\/zubimuxu.com\/es\/?s={search_term_string}\"},\"query-input\":{\"@type\":\"PropertyValueSpecification\",\"valueRequired\":true,\"valueName\":\"search_term_string\"}}],\"inLanguage\":\"es\"},{\"@type\":\"Organization\",\"@id\":\"https:\/\/zubimuxu.com\/es\/#organization\",\"name\":\"Albergue Zubimuxu Goizueta\",\"url\":\"https:\/\/zubimuxu.com\/es\/\",\"logo\":{\"@type\":\"ImageObject\",\"inLanguage\":\"es\",\"@id\":\"https:\/\/zubimuxu.com\/es\/#\/schema\/logo\/image\/\",\"url\":\"https:\/\/zubimuxu.com\/wp-content\/uploads\/2024\/02\/logo_zubimuxu_transp_albariq_largo.png\",\"contentUrl\":\"https:\/\/zubimuxu.com\/wp-content\/uploads\/2024\/02\/logo_zubimuxu_transp_albariq_largo.png\",\"width\":352,\"height\":120,\"caption\":\"Albergue Zubimuxu Goizueta\"},\"image\":{\"@id\":\"https:\/\/zubimuxu.com\/es\/#\/schema\/logo\/image\/\"}}]}<\/script>\n<!-- \/ Yoast SEO plugin. -->","yoast_head_json":{"title":"Entorno natural - Albergue Zubimuxu Goizueta","description":"El alrededor de Goizueta est\u00e1 lleno de naturaleza salvaje, bosques y riachuelos escondidos. Un tesoro para actividades como ba\u00f1os de bosque.","robots":{"index":"index","follow":"follow","max-snippet":"max-snippet:-1","max-image-preview":"max-image-preview:large","max-video-preview":"max-video-preview:-1"},"canonical":"https:\/\/zubimuxu.com\/es\/entornonatural\/","og_locale":"es_ES","og_type":"article","og_title":"Entorno natural - Albergue Zubimuxu Goizueta","og_description":"El alrededor de Goizueta est\u00e1 lleno de naturaleza salvaje, bosques y riachuelos escondidos. Un tesoro para actividades como ba\u00f1os de bosque.","og_url":"https:\/\/zubimuxu.com\/es\/entornonatural\/","og_site_name":"Albergue Zubimuxu Goizueta","article_modified_time":"2024-12-05T12:08:52+00:00","og_image":[{"url":"https:\/\/zubimuxu.com\/wp-content\/uploads\/2024\/05\/marrazkia_AndoniOdriozolaMarrazkiakDonostia-scaled-1-1200x663.jpg","type":"","width":"","height":""}],"twitter_card":"summary_large_image","twitter_misc":{"Tiempo de lectura":"3 minutos"},"schema":{"@context":"https:\/\/schema.org","@graph":[{"@type":"WebPage","@id":"https:\/\/zubimuxu.com\/es\/entornonatural\/","url":"https:\/\/zubimuxu.com\/es\/entornonatural\/","name":"Entorno natural - Albergue Zubimuxu Goizueta","isPartOf":{"@id":"https:\/\/zubimuxu.com\/es\/#website"},"primaryImageOfPage":{"@id":"https:\/\/zubimuxu.com\/es\/entornonatural\/#primaryimage"},"image":{"@id":"https:\/\/zubimuxu.com\/es\/entornonatural\/#primaryimage"},"thumbnailUrl":"https:\/\/zubimuxu.com\/wp-content\/uploads\/2024\/05\/marrazkia_AndoniOdriozolaMarrazkiakDonostia-scaled-1-1200x663.jpg","datePublished":"2024-02-08T12:28:17+00:00","dateModified":"2024-12-05T12:08:52+00:00","description":"El alrededor de Goizueta est\u00e1 lleno de naturaleza salvaje, bosques y riachuelos escondidos. Un tesoro para actividades como ba\u00f1os de bosque.","breadcrumb":{"@id":"https:\/\/zubimuxu.com\/es\/entornonatural\/#breadcrumb"},"inLanguage":"es","potentialAction":[{"@type":"ReadAction","target":["https:\/\/zubimuxu.com\/es\/entornonatural\/"]}]},{"@type":"ImageObject","inLanguage":"es","@id":"https:\/\/zubimuxu.com\/es\/entornonatural\/#primaryimage","url":"https:\/\/zubimuxu.com\/wp-content\/uploads\/2024\/05\/marrazkia_AndoniOdriozolaMarrazkiakDonostia-scaled-1-1200x663.jpg","contentUrl":"https:\/\/zubimuxu.com\/wp-content\/uploads\/2024\/05\/marrazkia_AndoniOdriozolaMarrazkiakDonostia-scaled-1-1200x663.jpg"},{"@type":"BreadcrumbList","@id":"https:\/\/zubimuxu.com\/es\/entornonatural\/#breadcrumb","itemListElement":[{"@type":"ListItem","position":1,"name":"Home","item":"https:\/\/zubimuxu.com\/es\/"},{"@type":"ListItem","position":2,"name":"Entorno natural"}]},{"@type":"WebSite","@id":"https:\/\/zubimuxu.com\/es\/#website","url":"https:\/\/zubimuxu.com\/es\/","name":"Albergue Zubimuxu Goizueta","description":"","publisher":{"@id":"https:\/\/zubimuxu.com\/es\/#organization"},"potentialAction":[{"@type":"SearchAction","target":{"@type":"EntryPoint","urlTemplate":"https:\/\/zubimuxu.com\/es\/?s={search_term_string}"},"query-input":{"@type":"PropertyValueSpecification","valueRequired":true,"valueName":"search_term_string"}}],"inLanguage":"es"},{"@type":"Organization","@id":"https:\/\/zubimuxu.com\/es\/#organization","name":"Albergue Zubimuxu Goizueta","url":"https:\/\/zubimuxu.com\/es\/","logo":{"@type":"ImageObject","inLanguage":"es","@id":"https:\/\/zubimuxu.com\/es\/#\/schema\/logo\/image\/","url":"https:\/\/zubimuxu.com\/wp-content\/uploads\/2024\/02\/logo_zubimuxu_transp_albariq_largo.png","contentUrl":"https:\/\/zubimuxu.com\/wp-content\/uploads\/2024\/02\/logo_zubimuxu_transp_albariq_largo.png","width":352,"height":120,"caption":"Albergue Zubimuxu Goizueta"},"image":{"@id":"https:\/\/zubimuxu.com\/es\/#\/schema\/logo\/image\/"}}]}},"_links":{"self":[{"href":"https:\/\/zubimuxu.com\/es\/wp-json\/wp\/v2\/pages\/872","targetHints":{"allow":["GET"]}}],"collection":[{"href":"https:\/\/zubimuxu.com\/es\/wp-json\/wp\/v2\/pages"}],"about":[{"href":"https:\/\/zubimuxu.com\/es\/wp-json\/wp\/v2\/types\/page"}],"author":[{"embeddable":true,"href":"https:\/\/zubimuxu.com\/es\/wp-json\/wp\/v2\/users\/1"}],"replies":[{"embeddable":true,"href":"https:\/\/zubimuxu.com\/es\/wp-json\/wp\/v2\/comments?post=872"}],"version-history":[{"count":134,"href":"https:\/\/zubimuxu.com\/es\/wp-json\/wp\/v2\/pages\/872\/revisions"}],"predecessor-version":[{"id":1818,"href":"https:\/\/zubimuxu.com\/es\/wp-json\/wp\/v2\/pages\/872\/revisions\/1818"}],"wp:attachment":[{"href":"https:\/\/zubimuxu.com\/es\/wp-json\/wp\/v2\/media?parent=872"}],"curies":[{"name":"wp","href":"https:\/\/api.w.org\/{rel}","templated":true}]}}